{"id":2868,"date":"2022-07-25T12:24:13","date_gmt":"2022-07-25T10:24:13","guid":{"rendered":"https:\/\/thecrushi.com\/?page_id=2868"},"modified":"2024-05-10T16:54:56","modified_gmt":"2024-05-10T14:54:56","slug":"sossen","status":"publish","type":"page","link":"https:\/\/thecrushi.com\/de\/sossen\/","title":{"rendered":"So\u00dfen"},"content":{"rendered":"\n<h2 class=\"wp-block-heading\">Rebel<\/h2>\n\n\n\n<h2 class=\"wp-block-heading\">With a sauce<\/h2>\n\n\n\n<p>Crushi ist der ideale Snack f\u00fcr zwischendurch und ein garantierter Erfolg auf Partys, Feiern und Festivals. Dank seiner schnellen Zubereitung und der einfachen Skalierbarkeit f\u00fcr Massen bleibt Crushi bis zu 3 Stunden knusprig. Die Zubereitung erfolgt schnell und einfach im Ofen oder in der Fritteuse. Nach der Zubereitung die Rolle mit einem Wellenschliffmesser in 6 gleich gro\u00dfe St\u00fccke schneiden, die mit frischen Gem\u00fcsetoppings und einer k\u00f6stlichen Doppelglasur aus Sojaglasur + Peppadew (Veggie Vegan &amp; Chili Zhrimps) oder Sojaglasur + Wasabi-Mayonnaise (Classic California &amp; Salmon Supreme) verziert werden.<\/p>\n\n\n\n<p>Alle Saucen sind vegan. Ein Genuss zum Teilen oder zum alleine genie\u00dfen.<\/p>\n\n\n\n\t<div class=\"wp-video-popup-wrapper\">\n\t\t<div class=\"wp-video-popup-close\"><\/div>\n\t\t<iframe class=\"wp-video-popup-video is-hosted is-landscape is-resizable\" src=\"\" data-wp-video-popup-url=\"https:\/\/player.vimeo.com\/video\/657798100?byline=0&#038;portrait=0&#038;autoplay=1\" frameborder=\"0\" allowfullscreen allow=\"autoplay\">\n\t\t<\/iframe>\n\t<\/div>\n\t\n","protected":false},"excerpt":{"rendered":"<p>Rebel With a sauce Crushi ist der ideale Snack f\u00fcr zwischendurch und ein garantierter Erfolg auf Partys, Feiern und Festivals. Dank seiner schnellen Zubereitung und der einfachen Skalierbarkeit f\u00fcr Massen bleibt Crushi bis zu 3 Stunden knusprig. Die Zubereitung erfolgt schnell und einfach im Ofen oder in der Fritteuse. Nach der Zubereitung die Rolle mit [&#8230;]<\/p>\n<p><a class=\"btn btn-secondary understrap-read-more-link\" href=\"https:\/\/thecrushi.com\/de\/sossen\/\">Weiterlesen&#8230;<\/a><\/p>\n","protected":false},"author":1,"featured_media":2791,"parent":0,"menu_order":0,"comment_status":"closed","ping_status":"closed","template":"page-templates\/inspiratie.php","meta":{"_acf_changed":false,"footnotes":""},"class_list":["post-2868","page","type-page","status-publish","has-post-thumbnail","hentry"],"acf":[],"yoast_head":"<!-- This site is optimized with the Yoast SEO plugin v24.1 - https:\/\/yoast.com\/wordpress\/plugins\/seo\/ -->\n<title>So\u00dfen - Crushi<\/title>\n<meta name=\"robots\" content=\"index, follow, max-snippet:-1, max-image-preview:large, max-video-preview:-1\" \/>\n<link rel=\"canonical\" href=\"https:\/\/thecrushi.com\/de\/sossen\/\" \/>\n<meta property=\"og:locale\" content=\"de_DE\" \/>\n<meta property=\"og:type\" content=\"article\" \/>\n<meta property=\"og:title\" content=\"So\u00dfen - Crushi\" \/>\n<meta property=\"og:description\" content=\"Rebel With a sauce Crushi ist der ideale Snack f\u00fcr zwischendurch und ein garantierter Erfolg auf Partys, Feiern und Festivals. Dank seiner schnellen Zubereitung und der einfachen Skalierbarkeit f\u00fcr Massen bleibt Crushi bis zu 3 Stunden knusprig. Die Zubereitung erfolgt schnell und einfach im Ofen oder in der Fritteuse. Nach der Zubereitung die Rolle mit [...]Weiterlesen...\" \/>\n<meta property=\"og:url\" content=\"https:\/\/thecrushi.com\/de\/sossen\/\" \/>\n<meta property=\"og:site_name\" content=\"Crushi\" \/>\n<meta property=\"article:modified_time\" content=\"2024-05-10T14:54:56+00:00\" \/>\n<meta property=\"og:image\" content=\"https:\/\/thecrushi.com\/wp-content\/uploads\/2021\/11\/rebel.png\" \/>\n\t<meta property=\"og:image:width\" content=\"1920\" \/>\n\t<meta property=\"og:image:height\" content=\"1280\" \/>\n\t<meta property=\"og:image:type\" content=\"image\/png\" \/>\n<meta name=\"twitter:card\" content=\"summary_large_image\" \/>\n<meta name=\"twitter:label1\" content=\"Gesch\u00e4tzte Lesezeit\" \/>\n\t<meta name=\"twitter:data1\" content=\"1\u00a0Minute\" \/>\n<script type=\"application\/ld+json\" class=\"yoast-schema-graph\">{\"@context\":\"https:\/\/schema.org\",\"@graph\":[{\"@type\":\"WebPage\",\"@id\":\"https:\/\/thecrushi.com\/de\/sossen\/\",\"url\":\"https:\/\/thecrushi.com\/de\/sossen\/\",\"name\":\"So\u00dfen - Crushi\",\"isPartOf\":{\"@id\":\"https:\/\/thecrushi.com\/#website\"},\"primaryImageOfPage\":{\"@id\":\"https:\/\/thecrushi.com\/de\/sossen\/#primaryimage\"},\"image\":{\"@id\":\"https:\/\/thecrushi.com\/de\/sossen\/#primaryimage\"},\"thumbnailUrl\":\"https:\/\/thecrushi.com\/wp-content\/uploads\/2021\/11\/rebel.png\",\"datePublished\":\"2022-07-25T10:24:13+00:00\",\"dateModified\":\"2024-05-10T14:54:56+00:00\",\"breadcrumb\":{\"@id\":\"https:\/\/thecrushi.com\/de\/sossen\/#breadcrumb\"},\"inLanguage\":\"de\",\"potentialAction\":[{\"@type\":\"ReadAction\",\"target\":[\"https:\/\/thecrushi.com\/de\/sossen\/\"]}]},{\"@type\":\"ImageObject\",\"inLanguage\":\"de\",\"@id\":\"https:\/\/thecrushi.com\/de\/sossen\/#primaryimage\",\"url\":\"https:\/\/thecrushi.com\/wp-content\/uploads\/2021\/11\/rebel.png\",\"contentUrl\":\"https:\/\/thecrushi.com\/wp-content\/uploads\/2021\/11\/rebel.png\",\"width\":1920,\"height\":1280},{\"@type\":\"BreadcrumbList\",\"@id\":\"https:\/\/thecrushi.com\/de\/sossen\/#breadcrumb\",\"itemListElement\":[{\"@type\":\"ListItem\",\"position\":1,\"name\":\"Home\",\"item\":\"https:\/\/thecrushi.com\/de\/\"},{\"@type\":\"ListItem\",\"position\":2,\"name\":\"So\u00dfen\"}]},{\"@type\":\"WebSite\",\"@id\":\"https:\/\/thecrushi.com\/#website\",\"url\":\"https:\/\/thecrushi.com\/\",\"name\":\"Crushi\",\"description\":\"Crunchy Sushi\",\"publisher\":{\"@id\":\"https:\/\/thecrushi.com\/#organization\"},\"potentialAction\":[{\"@type\":\"SearchAction\",\"target\":{\"@type\":\"EntryPoint\",\"urlTemplate\":\"https:\/\/thecrushi.com\/?s={search_term_string}\"},\"query-input\":{\"@type\":\"PropertyValueSpecification\",\"valueRequired\":true,\"valueName\":\"search_term_string\"}}],\"inLanguage\":\"de\"},{\"@type\":\"Organization\",\"@id\":\"https:\/\/thecrushi.com\/#organization\",\"name\":\"Crushi\",\"url\":\"https:\/\/thecrushi.com\/\",\"logo\":{\"@type\":\"ImageObject\",\"inLanguage\":\"de\",\"@id\":\"https:\/\/thecrushi.com\/#\/schema\/logo\/image\/\",\"url\":\"https:\/\/thecrushi.com\/wp-content\/uploads\/2022\/02\/thecrushi-logo.png\",\"contentUrl\":\"https:\/\/thecrushi.com\/wp-content\/uploads\/2022\/02\/thecrushi-logo.png\",\"width\":300,\"height\":300,\"caption\":\"Crushi\"},\"image\":{\"@id\":\"https:\/\/thecrushi.com\/#\/schema\/logo\/image\/\"}}]}<\/script>\n<!-- \/ Yoast SEO plugin. -->","yoast_head_json":{"title":"So\u00dfen - Crushi","robots":{"index":"index","follow":"follow","max-snippet":"max-snippet:-1","max-image-preview":"max-image-preview:large","max-video-preview":"max-video-preview:-1"},"canonical":"https:\/\/thecrushi.com\/de\/sossen\/","og_locale":"de_DE","og_type":"article","og_title":"So\u00dfen - Crushi","og_description":"Rebel With a sauce Crushi ist der ideale Snack f\u00fcr zwischendurch und ein garantierter Erfolg auf Partys, Feiern und Festivals. Dank seiner schnellen Zubereitung und der einfachen Skalierbarkeit f\u00fcr Massen bleibt Crushi bis zu 3 Stunden knusprig. Die Zubereitung erfolgt schnell und einfach im Ofen oder in der Fritteuse. Nach der Zubereitung die Rolle mit [...]Weiterlesen...","og_url":"https:\/\/thecrushi.com\/de\/sossen\/","og_site_name":"Crushi","article_modified_time":"2024-05-10T14:54:56+00:00","og_image":[{"width":1920,"height":1280,"url":"https:\/\/thecrushi.com\/wp-content\/uploads\/2021\/11\/rebel.png","type":"image\/png"}],"twitter_card":"summary_large_image","twitter_misc":{"Gesch\u00e4tzte Lesezeit":"1\u00a0Minute"},"schema":{"@context":"https:\/\/schema.org","@graph":[{"@type":"WebPage","@id":"https:\/\/thecrushi.com\/de\/sossen\/","url":"https:\/\/thecrushi.com\/de\/sossen\/","name":"So\u00dfen - Crushi","isPartOf":{"@id":"https:\/\/thecrushi.com\/#website"},"primaryImageOfPage":{"@id":"https:\/\/thecrushi.com\/de\/sossen\/#primaryimage"},"image":{"@id":"https:\/\/thecrushi.com\/de\/sossen\/#primaryimage"},"thumbnailUrl":"https:\/\/thecrushi.com\/wp-content\/uploads\/2021\/11\/rebel.png","datePublished":"2022-07-25T10:24:13+00:00","dateModified":"2024-05-10T14:54:56+00:00","breadcrumb":{"@id":"https:\/\/thecrushi.com\/de\/sossen\/#breadcrumb"},"inLanguage":"de","potentialAction":[{"@type":"ReadAction","target":["https:\/\/thecrushi.com\/de\/sossen\/"]}]},{"@type":"ImageObject","inLanguage":"de","@id":"https:\/\/thecrushi.com\/de\/sossen\/#primaryimage","url":"https:\/\/thecrushi.com\/wp-content\/uploads\/2021\/11\/rebel.png","contentUrl":"https:\/\/thecrushi.com\/wp-content\/uploads\/2021\/11\/rebel.png","width":1920,"height":1280},{"@type":"BreadcrumbList","@id":"https:\/\/thecrushi.com\/de\/sossen\/#breadcrumb","itemListElement":[{"@type":"ListItem","position":1,"name":"Home","item":"https:\/\/thecrushi.com\/de\/"},{"@type":"ListItem","position":2,"name":"So\u00dfen"}]},{"@type":"WebSite","@id":"https:\/\/thecrushi.com\/#website","url":"https:\/\/thecrushi.com\/","name":"Crushi","description":"Crunchy Sushi","publisher":{"@id":"https:\/\/thecrushi.com\/#organization"},"potentialAction":[{"@type":"SearchAction","target":{"@type":"EntryPoint","urlTemplate":"https:\/\/thecrushi.com\/?s={search_term_string}"},"query-input":{"@type":"PropertyValueSpecification","valueRequired":true,"valueName":"search_term_string"}}],"inLanguage":"de"},{"@type":"Organization","@id":"https:\/\/thecrushi.com\/#organization","name":"Crushi","url":"https:\/\/thecrushi.com\/","logo":{"@type":"ImageObject","inLanguage":"de","@id":"https:\/\/thecrushi.com\/#\/schema\/logo\/image\/","url":"https:\/\/thecrushi.com\/wp-content\/uploads\/2022\/02\/thecrushi-logo.png","contentUrl":"https:\/\/thecrushi.com\/wp-content\/uploads\/2022\/02\/thecrushi-logo.png","width":300,"height":300,"caption":"Crushi"},"image":{"@id":"https:\/\/thecrushi.com\/#\/schema\/logo\/image\/"}}]}},"_links":{"self":[{"href":"https:\/\/thecrushi.com\/de\/wp-json\/wp\/v2\/pages\/2868","targetHints":{"allow":["GET"]}}],"collection":[{"href":"https:\/\/thecrushi.com\/de\/wp-json\/wp\/v2\/pages"}],"about":[{"href":"https:\/\/thecrushi.com\/de\/wp-json\/wp\/v2\/types\/page"}],"author":[{"embeddable":true,"href":"https:\/\/thecrushi.com\/de\/wp-json\/wp\/v2\/users\/1"}],"replies":[{"embeddable":true,"href":"https:\/\/thecrushi.com\/de\/wp-json\/wp\/v2\/comments?post=2868"}],"version-history":[{"count":7,"href":"https:\/\/thecrushi.com\/de\/wp-json\/wp\/v2\/pages\/2868\/revisions"}],"predecessor-version":[{"id":11903,"href":"https:\/\/thecrushi.com\/de\/wp-json\/wp\/v2\/pages\/2868\/revisions\/11903"}],"wp:featuredmedia":[{"embeddable":true,"href":"https:\/\/thecrushi.com\/de\/wp-json\/wp\/v2\/media\/2791"}],"wp:attachment":[{"href":"https:\/\/thecrushi.com\/de\/wp-json\/wp\/v2\/media?parent=2868"}],"curies":[{"name":"wp","href":"https:\/\/api.w.org\/{rel}","templated":true}]}}